{"id":3280,"date":"2018-02-26T08:51:24","date_gmt":"2018-02-26T08:51:24","guid":{"rendered":"http:\/\/10.44.205.152\/free-1\/mesmerize\/"},"modified":"2024-03-06T10:30:20","modified_gmt":"2024-03-06T13:30:20","slug":"mesmerize","status":"publish","type":"page","link":"https:\/\/www.maisconsistente.com.br\/","title":{"rendered":"Mais Consistente"},"content":{"rendered":"<div data-label=\"Livros\" data-id=\"features--1\" data-export-id=\"features-16\" data-category=\"features\" class=\"features-16 content-section content-section-spacing\" id=\"livros\" style=\"background-color: #ffffff; background-image: none;\">\n<div class=\"gridContainer\">\n<div class=\"row text-center\">\n<div class=\"section-title-col\" data-type=\"column\">\n<h2 class=\"\">Construindo-se de Forma Mais Consistente<\/h2>\n<p class=\"lead\">Adquira um livro e cres\u00e7a em conhecimento e f\u00e9. S\u00e3o livros projetados para proporcionar uma leitura f\u00e1cil e agrad\u00e1vel, com vocabul\u00e1rio n\u00e3o religioso para que todos possam entender.<\/p>\n<\/div>\n<\/div>\n<div class=\"row spaced-cols\" data-type=\"row\">\n<div class=\"col-xs-12 col-sm-6 space-bottom col-md-3 \">\n<p><img decoding=\"async\" class=\"face\" src=\"\/wp-content\/uploads\/2019\/06\/cropped-capa2_meumindset-1.png\" alt=\"\" title=\"cropped-capa2_meumindset-1.png\" \/><\/p>\n<div data-type=\"column\" class=\"col-padding-small col-padding-small-xs description-container\">\n<h4 class=\"font-500\">MEU MINDSET CRIST\u00c3O EMPREENDEDOR DESCOMPLICADO<\/h4>\n<p class=\"\">Cada um faz as suas op\u00e7\u00f5es segundo o seu pr\u00f3prio mindset. Os seus entendimentos sobre Deus, lazer e vida os levaram a fazer escolhas sobre aonde ir e o que fazer. .<\/p>\n<p><a class=\"button blue\" href=\"http:\/\/www.maisconsistente.com.br\/meu-mindset-cristao-empreendedor-descomplicado\" target=\"_blank\" data-cp-link=\"1\" rel=\"noopener noreferrer\">SOBRE O LIVRO <\/a><\/p>\n<\/div>\n<\/div>\n<div class=\"col-xs-12 col-sm-6 space-bottom col-md-3 \">\n<p><img decoding=\"async\" class=\"face\" src=\"\/wp-content\/uploads\/2019\/06\/cropped-capa2_misericordia.png\" alt=\"\" title=\"cropped-capa2_misericordia.png\" \/><\/p>\n<div data-type=\"column\" class=\"col-padding-small col-padding-small-xs description-container\">\n<h4 class=\"font-500\">MISERIC\u00d3RDIA<\/h4>\n<p class=\"\">O que Jesus queria dizer com \u201cDesejo miseric\u00f3rdia, n\u00e3o sacrif\u00edcios\u201d \u00e9: Chega de rituais sem sentido, chega de atitudes sem ess\u00eancia, chega de agir sem o cora\u00e7\u00e3o! Fa\u00e7a com o cora\u00e7\u00e3o, aplique o seu cora\u00e7\u00e3o nas coisas que est\u00e1 fazendo!<\/p>\n<p><a class=\"button blue\" href=\"http:\/\/www.maisconsistente.com.br\/misericordia\" target=\"_blank\" data-cp-link=\"1\" rel=\"noopener noreferrer\">SOBRE O LIVRO<\/a><\/p>\n<\/div>\n<\/div>\n<div class=\"col-xs-12 col-sm-6 space-bottom col-md-3 \">\n<p><img decoding=\"async\" class=\"face\" src=\"\/wp-content\/uploads\/2019\/06\/cropped-capa2_cronicas.png\" alt=\"\" title=\"cropped-capa2_cronicas.png\" \/><\/p>\n<div data-type=\"column\" class=\"col-padding-small col-padding-small-xs description-container\">\n<h4 class=\"font-500\">CR\u00d4NICAS DO SOL NASCENTE<\/h4>\n<p class=\"\">Convido a todos a mergulharem em hist\u00f3rias de vida reais de pessoas que n\u00e3o sa\u00edram de filmes, n\u00e3o s\u00e3o personagens fict\u00edcias, mas que choram suas dores precisando apenas que m\u00e3os de consolo\u2026<\/p>\n<p><a class=\"button blue\" href=\"http:\/\/www.maisconsistente.com.br\/cronicas-do-sol-nascente\" target=\"_blank\" data-cp-link=\"1\" rel=\"noopener noreferrer\">SOBRE O LIVRO<\/a><\/p>\n<\/div>\n<\/div>\n<div class=\"col-xs-12 col-sm-6 space-bottom col-md-3\">\n<p><img decoding=\"async\" class=\"face\" src=\"\/wp-content\/uploads\/2019\/06\/cropped-capa2_natuapresenca.png\" alt=\"\" title=\"cropped-capa2_natuapresenca.png\" \/><\/p>\n<div data-type=\"column\" class=\"col-padding-small col-padding-small-xs description-container\">\n<h4 class=\"font-500\">NA TUA PRESEN\u00c7A EM TEU ESP\u00cdRITO<\/h4>\n<p class=\"\">Este livro n\u00e3o prop\u00f5e apenas uma releitura do passado, mas tenta apontar como viver biblicamente o agora, atrav\u00e9s de experi\u00eancias e alargando a f\u00e9 em novas possibilidades que o Santo Esp\u00edrito pode trazer\u2026<\/p>\n<p><a class=\"button blue\" href=\"http:\/\/www.maisconsistente.com.br\/na-tua-presenca-em-teu-espirito\" target=\"_blank\" data-cp-link=\"1\" rel=\"noopener noreferrer\">SOBRE O LIVRO<\/a><\/p>\n<\/div>\n<\/div>\n<\/div>\n<div id=\"onde\" style=\"background-color: #ffffff; background-image: none;\" data-label=\"Onde\" data-id=\"overlappable-4\" data-export-id=\"overlappable-4\" data-category=\"overlappable\" class=\"overlappable-4 content-section content-section-spacing\" data-overlap=\"true\">\n<div class=\"gridContainer\">\n<div data-type=\"row\" class=\"row spaced-cols text-center\">\n<div class=\"col-xs-12 col-sm-4 col-padding\">\n<p><a data-cp-link=\"1\" href=\"#\"><i class=\"fa icon shadow-large-black aligncenter color1 fa-child reverse round large\"> <\/i><\/a><\/p>\n<div data-type=\"column\" class=\"\">\n<h5 class=\"\">TRABALHO SOCIAL<\/h5>\n<p class=\"\">L\u00edder da Corrente do Bem Bras\u00edlia e Generosidade.org, apoiando centenas de fam\u00edlias nas comunidades de Bras\u00edlia.<\/p>\n<p><a class=\"button blue\" href=\"http:\/\/www.maisconsistente.com.br\/www.correntebrasilia.com.br\" target=\"_blank\" data-cp-link=\"1\" rel=\"noopener noreferrer\">CORRENTE DO BEM BRAS\u00cdLIA<\/a><\/p>\n<\/div>\n<\/div>\n<div class=\"col-xs-12 col-sm-4 col-padding\">\n<p><i class=\"fa icon shadow-large-black aligncenter color1 fa-television reverse round large\"> <\/i><\/p>\n<div data-type=\"column\" class=\"\">\n<h5 class=\"\">EMPRESA<\/h5>\n<p class=\"\">CEO da Medware, empresa l\u00edder de desenvolvimento de software para Ecocardio. Mais de duas d\u00e9cadas de desenvolvimento.<\/p>\n<p><a class=\"button blue\" href=\"http:\/\/www.maisconsistente.com.br\/www.medware.com.br\" target=\"_blank\" data-cp-link=\"1\" rel=\"noopener noreferrer\">MEDWARE<\/a><\/p>\n<\/div>\n<\/div>\n<div class=\"col-xs-12 col-sm-4 col-padding\">\n<p><i class=\"fa icon shadow-large-black aligncenter color1 fa-heart reverse round large\"> <\/i><\/p>\n<div data-type=\"column\" class=\"\">\n<h5 class=\"\">IGREJA<\/h5>\n<p class=\"\">Pastor Presidente da Comunidade Evang\u00e9lica Casa de Paz em Taguatinga. Miss\u00e3o: Ir, Disc\u00edpular e Enviar.<\/p>\n<p><a class=\"button blue\" href=\"http:\/\/www.maisconsistente.com.br\/www.comunidadecasadepaz.com.br\" target=\"_blank\" data-cp-link=\"1\" rel=\"noopener noreferrer\">COMUNIDADE CASA DE PAZ<\/a><\/p>\n<\/div>\n<\/div>\n<\/div>\n<\/div>\n<\/div>\n<div data-label=\"Doar\" data-id=\"cta-blue-section\" data-export-id=\"cta-blue-section\" data-category=\"cta\" class=\"cta-blue-section content-section content-section-spacing-medium bg-color1 white-text\" id=\"doar\">\n<div class=\"gridContainer\">\n<div class=\"row middle-xs\">\n<div class=\"col-sm-8 space-bottom-xs\" data-type=\"column\">\n<h2 class=\"\">Contribua com a Corrente do Bem Bras\u00edlia, fa\u00e7a sua doa\u00e7\u00e3o agora mesmo.<\/h2>\n<\/div>\n<div class=\"col-sm-4 end-sm\" data-type=\"column\"><a class=\"button color2\" href=\"http:\/\/doar.correntebrasilia.com.br\" target=\"_self\" data-cp-link=\"1\" rel=\"noopener noreferrer\"> DOA\u00c7\u00d5ES ON-LINE <\/a><\/div>\n<\/div>\n<\/div>\n<\/div>\n<div data-label=\"Toneladas\" data-id=\"counters--1\" data-export-id=\"counters-2\" data-category=\"counters\" class=\"counters-2 content-section content-section-spacing\" id=\"toneladas\" style=\"background-color: #ffffff; background-image: none;\">\n<div class=\"gridContainer\">\n<div class=\"row text-center\">\n<div class=\"section-title-col\" data-type=\"column\">\n<p class=\"lead\">Quantidade de pessoas ajudadas durante a pandemia pela Corrente do Bem Bras\u00edlia \/ Generosidade.org e Comunidade Casa de Paz.<\/p>\n<\/div>\n<\/div>\n<div class=\"row\" data-type=\"row\">\n<div class=\"col-xs-12 col-sm-4 text-center space-bottom\">\n<p><i class=\"fa icon color1 fa-balance-scale\"><\/i><\/p>\n<h3 class=\"font-400\" data-min=\"0\" data-max=\"37\" data-duration=\"9000\" data-prefix=\"\" data-suffix=\" Toneladas\" data-countup=\"true\" style=\"display: inline-block;\"><\/h3>\n<h5 class=\"upper color2\">Doa\u00e7\u00f5es entregues<\/h5>\n<\/div>\n<div class=\"col-xs-12 col-sm-4 text-center space-bottom\">\n<p><i class=\"fa fa-smile-o icon color1\"><\/i><\/p>\n<h3 class=\"font-400\" data-min=\"0\" data-max=\"5000\" data-duration=\"10000\" data-prefix=\"\" data-suffix=\" Pessoas\" data-countup=\"true\" style=\"display: inline-block;\"><\/h3>\n<h5 class=\"upper color2\">Apoiadas<\/h5>\n<\/div>\n<div class=\"col-xs-12 col-sm-4 text-center space-bottom\">\n<p><i class=\"fa fa-trophy icon color1\"><\/i><\/p>\n<h3 class=\"font-400\" data-min=\"0\" data-max=\"1200\" data-duration=\"12000\" data-prefix=\"\" data-suffix=\" Fam\u00edlias\" data-countup=\"true\" style=\"display: inline-block;\"><\/h3>\n<h5 class=\"upper color2\">ajudadas<\/h5>\n<\/div>\n<\/div>\n<\/div>\n<\/div>\n<div data-label=\"Posts\" data-id=\"blog-section\" data-export-id=\"blog-section\" data-category=\"latest_news\" class=\"blog-section content-section content-section-spacing\" id=\"posts\" style=\"background-color: #f5fafd;\">\n<div class=\"gridContainer\">\n<div class=\"row\">\n<div data-type=\"column\" class=\"section-title-col\">\n<h2 class=\"\">Postagens<\/h2>\n<\/div>\n<\/div>\n<div class=\"row\">\n<div data-type=\"row\" data-dynamic-columns=\"handled\" data-content-shortcode=\"mesmerize_latest_news posts=&quot;27&quot; columns=&quot;4&quot; \">[mesmerize_latest_news posts=&#8221;27&#8243; columns=&#8221;4&#8243;]<\/div>\n<\/div>\n<div class=\"row\">\n<div class=\"text-center\"><a class=\"button color1\" data-attr-shortcode=\"href:mesmerize_blog_link\" href=\"[mesmerize_blog_link]\" target=\"_self\" rel=\"noopener noreferrer\">BLOG <\/a><\/div>\n<\/div>\n<\/div>\n<\/div>\n","protected":false},"excerpt":{"rendered":"<p>Construindo-se de Forma Mais Consistente Adquira um livro e cres\u00e7a em conhecimento e f\u00e9. S\u00e3o livros projetados para proporcionar uma leitura f\u00e1cil e agrad\u00e1vel, com vocabul\u00e1rio n\u00e3o religioso para que todos possam entender. MEU MINDSET CRIST\u00c3O EMPREENDEDOR DESCOMPLICADO Cada um faz as suas op\u00e7\u00f5es segundo o seu pr\u00f3prio mindset. Os seus entendimentos sobre Deus, lazer [&hellip;]<\/p>\n","protected":false},"author":1,"featured_media":0,"parent":0,"menu_order":0,"comment_status":"closed","ping_status":"closed","template":"page-templates\/homepage.php","meta":{"footnotes":""},"class_list":["post-3280","page","type-page","status-publish","hentry"],"yoast_head":"<!-- This site is optimized with the Yoast SEO plugin v15.2.1 - https:\/\/yoast.com\/wordpress\/plugins\/seo\/ -->\r\n<meta name=\"robots\" content=\"index, follow, max-snippet:-1, max-image-preview:large, max-video-preview:-1\" \/>\r\n<link rel=\"canonical\" href=\"https:\/\/www.maisconsistente.com.br\/\" \/>\r\n<meta property=\"og:locale\" content=\"pt_BR\" \/>\r\n<meta property=\"og:type\" content=\"article\" \/>\r\n<meta property=\"og:title\" content=\"Mais Consistente - MaisConsistente.com.br\" \/>\r\n<meta property=\"og:description\" content=\"Construindo-se de Forma Mais Consistente Adquira um livro e cres\u00e7a em conhecimento e f\u00e9. S\u00e3o livros projetados para proporcionar uma leitura f\u00e1cil e agrad\u00e1vel, com vocabul\u00e1rio n\u00e3o religioso para que todos possam entender. MEU MINDSET CRIST\u00c3O EMPREENDEDOR DESCOMPLICADO Cada um faz as suas op\u00e7\u00f5es segundo o seu pr\u00f3prio mindset. Os seus entendimentos sobre Deus, lazer [&hellip;]\" \/>\r\n<meta property=\"og:url\" content=\"https:\/\/www.maisconsistente.com.br\/\" \/>\r\n<meta property=\"og:site_name\" content=\"MaisConsistente.com.br\" \/>\r\n<meta property=\"article:modified_time\" content=\"2024-03-06T13:30:20+00:00\" \/>\r\n<meta property=\"og:image\" content=\"https:\/\/www.maisconsistente.com.br\/wp-content\/uploads\/2019\/06\/cropped-capa2_meumindset-1.png\" \/>\r\n<meta name=\"twitter:card\" content=\"summary_large_image\" \/>\r\n<meta name=\"twitter:label1\" content=\"Written by\">\n\t<meta name=\"twitter:data1\" content=\"moisesnogueira\">\n\t<meta name=\"twitter:label2\" content=\"Est. reading time\">\n\t<meta name=\"twitter:data2\" content=\"1 minuto\">\r\n<script type=\"application\/ld+json\" class=\"yoast-schema-graph\">{\"@context\":\"https:\/\/schema.org\",\"@graph\":[{\"@type\":\"WebSite\",\"@id\":\"https:\/\/www.maisconsistente.com.br\/#website\",\"url\":\"https:\/\/www.maisconsistente.com.br\/\",\"name\":\"MaisConsistente.com.br\",\"description\":\"\",\"potentialAction\":[{\"@type\":\"SearchAction\",\"target\":\"https:\/\/www.maisconsistente.com.br\/?s={search_term_string}\",\"query-input\":\"required name=search_term_string\"}],\"inLanguage\":\"pt-BR\"},{\"@type\":\"ImageObject\",\"@id\":\"https:\/\/www.maisconsistente.com.br\/#primaryimage\",\"inLanguage\":\"pt-BR\",\"url\":\"\/wp-content\/uploads\/2019\/06\/cropped-capa2_meumindset-1.png\"},{\"@type\":\"WebPage\",\"@id\":\"https:\/\/www.maisconsistente.com.br\/#webpage\",\"url\":\"https:\/\/www.maisconsistente.com.br\/\",\"name\":\"Mais Consistente - MaisConsistente.com.br\",\"isPartOf\":{\"@id\":\"https:\/\/www.maisconsistente.com.br\/#website\"},\"primaryImageOfPage\":{\"@id\":\"https:\/\/www.maisconsistente.com.br\/#primaryimage\"},\"datePublished\":\"2018-02-26T08:51:24+00:00\",\"dateModified\":\"2024-03-06T13:30:20+00:00\",\"inLanguage\":\"pt-BR\",\"potentialAction\":[{\"@type\":\"ReadAction\",\"target\":[\"https:\/\/www.maisconsistente.com.br\/\"]}]}]}<\/script>\r\n<!-- \/ Yoast SEO plugin. -->","_links":{"self":[{"href":"https:\/\/www.maisconsistente.com.br\/index.php\/wp-json\/wp\/v2\/pages\/3280","targetHints":{"allow":["GET"]}}],"collection":[{"href":"https:\/\/www.maisconsistente.com.br\/index.php\/wp-json\/wp\/v2\/pages"}],"about":[{"href":"https:\/\/www.maisconsistente.com.br\/index.php\/wp-json\/wp\/v2\/types\/page"}],"author":[{"embeddable":true,"href":"https:\/\/www.maisconsistente.com.br\/index.php\/wp-json\/wp\/v2\/users\/1"}],"replies":[{"embeddable":true,"href":"https:\/\/www.maisconsistente.com.br\/index.php\/wp-json\/wp\/v2\/comments?post=3280"}],"version-history":[{"count":31,"href":"https:\/\/www.maisconsistente.com.br\/index.php\/wp-json\/wp\/v2\/pages\/3280\/revisions"}],"predecessor-version":[{"id":3610,"href":"https:\/\/www.maisconsistente.com.br\/index.php\/wp-json\/wp\/v2\/pages\/3280\/revisions\/3610"}],"wp:attachment":[{"href":"https:\/\/www.maisconsistente.com.br\/index.php\/wp-json\/wp\/v2\/media?parent=3280"}],"curies":[{"name":"wp","href":"https:\/\/api.w.org\/{rel}","templated":true}]}}